{"id":197,"date":"2025-03-15T21:33:42","date_gmt":"2025-03-15T20:33:42","guid":{"rendered":"https:\/\/consulting-adac.com\/?page_id=197"},"modified":"2025-03-20T20:00:19","modified_gmt":"2025-03-20T19:00:19","slug":"politica-de-privacidad","status":"publish","type":"page","link":"https:\/\/consulting-adac.com\/es\/politica-de-privacidad\/","title":{"rendered":"Pol\u00edtica de Privacidad"},"content":{"rendered":"\t\t<div data-elementor-type=\"wp-page\" data-elementor-id=\"197\" class=\"elementor elementor-197\" data-elementor-post-type=\"page\">\n\t\t\t\t<div class=\"elementor-element elementor-element-8689aa1 e-flex e-con-boxed e-con e-parent\" data-id=\"8689aa1\" data-element_type=\"container\">\n\t\t\t\t\t<div class=\"e-con-inner\">\n\t\t\t\t<div class=\"elementor-element elementor-element-e075b04 elementor-widget elementor-widget-text-editor\" data-id=\"e075b04\" data-element_type=\"widget\" data-widget_type=\"text-editor.default\">\n\t\t\t\t<div class=\"elementor-widget-container\">\n\t\t\t\t\t\t\t\t\t<header class=\"entry-header ast-no-thumbnail\"><h1 class=\"entry-title\">Pol\u00edtica de privacidad<\/h1><\/header><div class=\"entry-content clear\" data-ast-blocks-layout=\"true\"><p>Qui\u00e9nes somos<br \/>La web: https:\/\/consulting-adac.com. es titularidad de\u00a0 Advance, Defence &amp;amp; Aeronautical Consulting, S.L., con \u00a0N.I.F. n\u00famero B<br \/>56372295 y domicilio social en Pozuelo de \u00a0Alarc\u00f3n (28223 Madrid) Calle Prado del Rey 101 c4. Inscrita en el Registro Mercantil de<br \/>Madrid, Hoja M 803709<br \/>A quien se dirige<br \/>Esta Pol\u00edtica de Privacidad es de aplicaci\u00f3n a\u00a0 los usuarios de la web que tengan la consideraci\u00f3n de persona f\u00edsicas, siendo ADAC<br \/>el responsable del tratamiento de dichos datos personales, entendiendo por tal la informaci\u00f3n \u00a0que se inserte en la web sobre la<br \/>persona identificada o identificable.<\/p><p>TRATAMIENTOS DE DATOS REALIZADOS A TRAV\u00c9S DE LA WEB<br \/>Fines del tratamiento Informaci\u00f3n adicional Categor\u00edas de datos Base legal Plazo de conservaci\u00f3n<br \/>Navegar por la web Permiti\u00e9ndote el acceso a la informaci\u00f3n<br \/>y a los contenidos dispuestos en la<br \/>misma.<br \/>Te sugerimos consultar los documentos<br \/>de la Agencia Espa\u00f1ola de Protecci\u00f3n de<br \/>Datos (AEPD) sobre recomendaciones a<br \/>los Usuarios para minimizar los riesgos<br \/>de la privacidad derivados de la<br \/>navegaci\u00f3n por Internet y la informaci\u00f3n<br \/>sobre seguridad tecnol\u00f3gica.<br \/>Adem\u00e1s, si accedes a nuestra Web, te<br \/>informamos que trataremos tus datos de<br \/>navegaci\u00f3n para fines anal\u00edticos,<br \/>publicitarios y estad\u00edsticos, siempre que<br \/>hayas aceptado las cookies<br \/>correspondientes de conformidad con la<br \/>Pol\u00edtica de Cookies dispuesta al efecto,<br \/>pudiendo configurar en todo momento<br \/>tus preferencias en relaci\u00f3n con el<br \/>tratamiento de tus datos personales a<br \/>estos fines.<\/p><p>Datos de navegaci\u00f3n web<br \/>(datos de tu navegaci\u00f3n web<br \/>con apoyo en cookies, p\u00e1ginas<br \/>webs que visitas, tiempo de<br \/>conexi\u00f3n, etc.).<\/p><p>Tu consentimiento, en particular,<br \/>en el caso de aceptar u<br \/>autorizar el uso de cookies que<br \/>as\u00ed lo requieran, conforme a lo<br \/>dispuesto en nuestra Pol\u00edtica de<br \/>Cookies (ex art. 6.1 a) del<br \/>RGPD).<br \/>Seg\u00fan los casos, tambi\u00e9n<br \/>aplicar\u00e1 la satisfacci\u00f3n del<br \/>inter\u00e9s leg\u00edtimo, propio o de<br \/>terceros, asociado a la<br \/>adecuada usabilidad t\u00e9cnica,<br \/>gesti\u00f3n, mantenimiento,<br \/>desarrollo y evoluci\u00f3n de la<br \/>Web, herramientas, red y<br \/>sistemas de la informaci\u00f3n<br \/>asociados (ex art. 6.1 f) del<br \/>RGPD).<\/p><p>Se conservar\u00e1n tus datos por el<br \/>tiempo imprescindible y<br \/>necesario para posibilitarte la<br \/>correcta navegaci\u00f3n y el uso de<br \/>nuestra Web y de los<br \/>contenidos.<br \/>Respecto a los datos asociados<br \/>a tu perfil de navegaci\u00f3n, por<br \/>relaci\u00f3n a las cookies de tipo<br \/>anal\u00edticas que hayas aceptado,<br \/>debes atender al apartado<br \/>relativo a la temporalidad de las<br \/>mismas (ver Pol\u00edtica de<br \/>Cookies).<\/p><p>Atender tus peticiones<br \/>o solicitudes<\/p><p>Para ello, se encuentra habilitado el<br \/>formulario de contacto en el apartado<br \/>\u201cContacto\u201d de la web.<\/p><p>\u2022 Datos personales<br \/>identificativos (nombre y<br \/>apellidos, NIF).<br \/>\u2022 Datos personales de contacto<br \/>(tel\u00e9fono o m\u00f3vil personal,<br \/>correo electr\u00f3nico).<br \/>\u2022 Datos personales tratados<\/p><p>Tu consentimiento Por el tiempo estrictamente<br \/>necesario para solventar o<br \/>atender las mismas.<\/p><p>como consecuencia de la<br \/>consulta.<br \/>\u2022 Datos personales relativos al<br \/>producto y tipo de incidencia<\/p><p>Env\u00edo de<br \/>comunicaciones<br \/>comerciales.<\/p><p>Con la finalidad de realizar env\u00edos<br \/>publicitarios y de informaci\u00f3n comercial,<br \/>por diferentes medios, acerca de la<br \/>empresa, sus actividades, productos,<br \/>servicios, ofertas, promociones<br \/>especiales, as\u00ed como documentaci\u00f3n de<br \/>diversa naturaleza y por diferentes<br \/>medios de informaci\u00f3n comercial,<br \/>siempre y cuando contemos con tu<br \/>consentimiento.<\/p><p>\u2022 Datos personales<br \/>identificativos (nombre y<br \/>apellidos, NIF).<br \/>\u2022 Datos personales de contacto<br \/>(tel\u00e9fono o m\u00f3vil personal,<br \/>correo electr\u00f3nico).<\/p><p>Tu consentimiento.<br \/>Seg\u00fan los casos, tambi\u00e9n<br \/>aplicar\u00e1 la satisfacci\u00f3n del<br \/>inter\u00e9s leg\u00edtimo (art. 6.1 f) del<br \/>RGPD).<\/p><p>Tus datos personales ser\u00e1n<br \/>tratados con esta finalidad<br \/>mientras usted no se oponga a<br \/>la misma y hasta dos a\u00f1os<br \/>despu\u00e9s de finalizar tu relaci\u00f3n<br \/>con ADAC.<\/p><\/div>\t\t\t\t\t\t\t\t<\/div>\n\t\t\t\t<\/div>\n\t\t\t\t\t<\/div>\n\t\t\t\t<\/div>\n\t\t\t\t<\/div>\n\t\t","protected":false},"excerpt":{"rendered":"<p>Pol\u00edtica de privacidad Qui\u00e9nes somosLa web: https:\/\/consulting-adac.com. es titularidad de\u00a0 Advance, Defence &amp;amp; Aeronautical Consulting, S.L., con \u00a0N.I.F. n\u00famero B56372295 [&hellip;]<\/p>\n","protected":false},"author":1,"featured_media":0,"parent":0,"menu_order":0,"comment_status":"closed","ping_status":"closed","template":"elementor_canvas","meta":{"site-sidebar-layout":"no-sidebar","site-content-layout":"","ast-site-content-layout":"full-width-container","site-content-style":"default","site-sidebar-style":"default","ast-global-header-display":"","ast-banner-title-visibility":"","ast-main-header-display":"","ast-hfb-above-header-display":"","ast-hfb-below-header-display":"","ast-hfb-mobile-header-display":"","site-post-title":"disabled","ast-breadcrumbs-content":"","ast-featured-img":"disabled","footer-sml-layout":"","ast-disable-related-posts":"","theme-transparent-header-meta":"","adv-header-id-meta":"","stick-header-meta":"","header-above-stick-meta":"","header-main-stick-meta":"","header-below-stick-meta":"","astra-migrate-meta-layouts":"default","ast-page-background-enabled":"default","ast-page-background-meta":{"desktop":{"background-color":"var(--ast-global-color-5)","background-image":"","background-repeat":"repeat","background-position":"center center","background-size":"auto","background-attachment":"scroll","background-type":"","background-media":"","overlay-type":"","overlay-color":"","overlay-opacity":"","overlay-gradient":""},"tablet":{"background-color":"","background-image":"","background-repeat":"repeat","background-position":"center center","background-size":"auto","background-attachment":"scroll","background-type":"","background-media":"","overlay-type":"","overlay-color":"","overlay-opacity":"","overlay-gradient":""},"mobile":{"background-color":"","background-image":"","background-repeat":"repeat","background-position":"center center","background-size":"auto","background-attachment":"scroll","background-type":"","background-media":"","overlay-type":"","overlay-color":"","overlay-opacity":"","overlay-gradient":""}},"ast-content-background-meta":{"desktop":{"background-color":"var(--ast-global-color-4)","background-image":"","background-repeat":"repeat","background-position":"center center","background-size":"auto","background-attachment":"scroll","background-type":"","background-media":"","overlay-type":"","overlay-color":"","overlay-opacity":"","overlay-gradient":""},"tablet":{"background-color":"var(--ast-global-color-4)","background-image":"","background-repeat":"repeat","background-position":"center center","background-size":"auto","background-attachment":"scroll","background-type":"","background-media":"","overlay-type":"","overlay-color":"","overlay-opacity":"","overlay-gradient":""},"mobile":{"background-color":"var(--ast-global-color-4)","background-image":"","background-repeat":"repeat","background-position":"center center","background-size":"auto","background-attachment":"scroll","background-type":"","background-media":"","overlay-type":"","overlay-color":"","overlay-opacity":"","overlay-gradient":""}},"footnotes":""},"class_list":["post-197","page","type-page","status-publish","hentry"],"_links":{"self":[{"href":"https:\/\/consulting-adac.com\/es\/wp-json\/wp\/v2\/pages\/197","targetHints":{"allow":["GET"]}}],"collection":[{"href":"https:\/\/consulting-adac.com\/es\/wp-json\/wp\/v2\/pages"}],"about":[{"href":"https:\/\/consulting-adac.com\/es\/wp-json\/wp\/v2\/types\/page"}],"author":[{"embeddable":true,"href":"https:\/\/consulting-adac.com\/es\/wp-json\/wp\/v2\/users\/1"}],"replies":[{"embeddable":true,"href":"https:\/\/consulting-adac.com\/es\/wp-json\/wp\/v2\/comments?post=197"}],"version-history":[{"count":13,"href":"https:\/\/consulting-adac.com\/es\/wp-json\/wp\/v2\/pages\/197\/revisions"}],"predecessor-version":[{"id":1086,"href":"https:\/\/consulting-adac.com\/es\/wp-json\/wp\/v2\/pages\/197\/revisions\/1086"}],"wp:attachment":[{"href":"https:\/\/consulting-adac.com\/es\/wp-json\/wp\/v2\/media?parent=197"}],"curies":[{"name":"wp","href":"https:\/\/api.w.org\/{rel}","templated":true}]}}