{"id":206,"date":"2025-03-15T21:41:12","date_gmt":"2025-03-15T20:41:12","guid":{"rendered":"https:\/\/consulting-adac.com\/?page_id=206"},"modified":"2025-03-15T21:46:15","modified_gmt":"2025-03-15T20:46:15","slug":"politica-de-calidad","status":"publish","type":"page","link":"https:\/\/consulting-adac.com\/es\/politica-de-calidad\/","title":{"rendered":"Pol\u00edtica de Calidad"},"content":{"rendered":"\t\t<div data-elementor-type=\"wp-page\" data-elementor-id=\"206\" class=\"elementor elementor-206\" data-elementor-post-type=\"page\">\n\t\t\t\t<div class=\"elementor-element elementor-element-aa1c4d1 e-flex e-con-boxed e-con e-parent\" data-id=\"aa1c4d1\" data-element_type=\"container\">\n\t\t\t\t\t<div class=\"e-con-inner\">\n\t\t\t\t<div class=\"elementor-element elementor-element-dcdf845 elementor-widget elementor-widget-text-editor\" data-id=\"dcdf845\" data-element_type=\"widget\" data-widget_type=\"text-editor.default\">\n\t\t\t\t<div class=\"elementor-widget-container\">\n\t\t\t\t\t\t\t\t\t<div class=\"et_pb_row et_pb_row_0\"><div class=\"et_pb_column et_pb_column_4_4 et_pb_column_0 et_pb_css_mix_blend_mode_passthrough et-last-child\"><div class=\"et_pb_module et_pb_text et_pb_text_0 et_pb_bg_layout_light et_pb_text_align_left\"><div class=\"et_pb_text_inner\"><p><span style=\"text-decoration: underline;\"><strong>Pol\u00edtica de Calidad<\/strong><\/span><\/p><\/div><\/div><\/div><\/div><div class=\"et_pb_row et_pb_row_1\"><div class=\"et_pb_column et_pb_column_4_4 et_pb_column_1 et_pb_css_mix_blend_mode_passthrough et-last-child\"><div class=\"et_pb_module et_pb_divider et_pb_divider_0 et_pb_divider_position_ et_pb_space\"><div class=\"et_pb_divider_internal\">\u00a0<\/div><\/div><\/div><\/div><div class=\"et_pb_row et_pb_row_2\"><div class=\"et_pb_column et_pb_column_4_4 et_pb_column_2 et_pb_css_mix_blend_mode_passthrough et-last-child\"><div class=\"et_pb_module et_pb_text et_pb_text_1 et_pb_bg_layout_light et_pb_text_align_left\"><div class=\"et_pb_text_inner\"><p>ADAC, organizaci\u00f3n dedicada a la consultor\u00eda aeron\u00e1utica manifiesta abiertamente su intenci\u00f3n de<br \/>ofrecer unos servicios competitivos a todos sus clientes; por dicho motivo, ha implantado un sistema de<br \/>gesti\u00f3n de calidad en el seno de la organizaci\u00f3n, cuyo principal objetivo es alcanzar la satisfacci\u00f3n<br \/>esperada por los clientes, a trav\u00e9s de unos procesos establecidos y fundamentados en un proceso de<br \/>mejora continua.<\/p><p>El sistema de gesti\u00f3n de calidad de\u00a0<strong>ADAC <\/strong>est\u00e1 dise\u00f1ado de manera que los servicios que presta la<br \/>organizaci\u00f3n se lleven a cabo correctamente y de manera eficiente, empleando los medios adecuados<br \/>para ello y de forma que se alcancen los m\u00e1ximos resultados.<\/p><p>Para cumplir con los objetivos propuestos, el sistema de gesti\u00f3n de calidad establecido por\u00a0<strong>ADAC<\/strong>,<br \/>basado en la norma de referencia UNE-EN-ISO 9001 :2015, se apoya en los siguientes pilares b\u00e1sicos<br \/>que establece la Direcci\u00f3n:<\/p><p>\u25ba\u00a0<strong>Competencia y liderazgo<\/strong>\u00a0por parte de la alta direcci\u00f3n como compromiso para desarrollar el<br \/>sistema de Gesti\u00f3n de Calidad.<br \/>\u25ba Determinar las\u00a0<strong>partes interesadas<\/strong>\u00a0internas y externas que son pertinentes para el sistema de gesti\u00f3n<br \/>de la calidad y cumplir con sus requisitos.<br \/>\u25ba Entender el\u00a0<strong>contexto de la organizaci\u00f3n<\/strong>\u00a0y determinar las oportunidades y los\u00a0<strong>riesgos<\/strong>\u00a0de la misma<br \/>como base para la planificaci\u00f3n de acciones para abordarlos, asumirlos o tratarlos.<br \/>\u25ba Velar por garantizar la\u00a0<strong>satisfacci\u00f3n de nuestros clientes<\/strong>, incluyendo las partes interesadas en los<br \/>resultados de la empresa, en todo lo referente a la realizaci\u00f3n de nuestras actividades y su<br \/>repercusi\u00f3n en la sociedad.<br \/>\u25ba Establecer\u00a0<strong>objetivos y metas<\/strong>\u00a0enfocados hacia la evaluaci\u00f3n del desempe\u00f1o en materia de calidad,<br \/>as\u00ed como a la\u00a0<strong>mejora continua<\/strong>\u00a0en nuestras actividades, reguladas en el Sistema de Gesti\u00f3n que<br \/>desarrolla esta pol\u00edtica.<br \/>\u25ba Cumplimiento de los requisitos de la\u00a0<strong>legislaci\u00f3n aplicable y reglamentaria<\/strong>\u00a0a nuestra actividad, los<br \/>compromisos adquiridos con los clientes y las partes interesadas y todas aquellas normas internas o<br \/>pautas de actuaci\u00f3n a los que se someta <strong>ADAC<\/strong>.<br \/>\u25ba Motivar y formar a todo el personal que trabaja en la organizaci\u00f3n, tanto para el correcto desempe\u00f1o<br \/>de su puesto de trabajo como para actuar conforme a los requisitos impuestos por la Norma de<br \/>referencia, proporcionando un\u00a0<strong>ambiente adecuado<\/strong>\u00a0para la operaci\u00f3n de los procesos.<br \/>\u25ba Mantenimiento de una\u00a0<strong>comunicaci\u00f3n<\/strong>\u00a0fluida tanto a nivel interno, entre los distintos estamentos de la<br \/>empresa, como con clientes.<br \/>\u25ba Evaluar y garantizar la\u00a0<strong>competencia t\u00e9cnica del personal<\/strong>\u00a0para el desempe\u00f1o de sus funciones, as\u00ed<br \/>como asegurar la motivaci\u00f3n adecuada de \u00e9ste para su participaci\u00f3n en la mejora continua de<br \/>nuestros procesos.<br \/>\u25ba Garantizar el\u00a0<strong>correcto estado de las instalaciones y el equipamiento<\/strong>\u00a0adecuado, de forma tal que<br \/>est\u00e9n en correspondencia con la actividad, objetivos y metas de la empresa<br \/>\u25ba Garantizar un\u00a0<strong>an\u00e1lisis<\/strong>\u00a0de manera continua de todos los\u00a0<strong>procesos relevantes<\/strong>, estableci\u00e9ndose las<br \/>mejoras pertinentes en cada caso, en funci\u00f3n de los resultados obtenidos y de los objetivos<br \/>establecidos.<br \/>Cabe destacar que <strong>ADAC<\/strong>, declara su compromiso en el establecimiento y desarrollo de pol\u00edticas<br \/>que integren la igualdad de oportunidades, sin discriminaci\u00f3n por raz\u00f3n de sexo, as\u00ed como el fomentar<br \/>medidas como principio estrat\u00e9gico de nuestra pol\u00edtica corporativa y de recursos humanos para<br \/>conseguir la igualdad efectiva entre mujeres y hombres.<\/p><p>Estos principios son asumidos por la Direcci\u00f3n, quien dispone los medios necesarios y dota a sus<br \/>empleados de los recursos suficientes para su cumplimiento, plasm\u00e1ndolos y poni\u00e9ndolos en p\u00fablico<br \/>conocimiento a trav\u00e9s de la presente Pol\u00edtica de Calidad.<\/p><\/div><\/div><\/div><\/div>\t\t\t\t\t\t\t\t<\/div>\n\t\t\t\t<\/div>\n\t\t\t\t\t<\/div>\n\t\t\t\t<\/div>\n\t\t\t\t<\/div>\n\t\t","protected":false},"excerpt":{"rendered":"<p>Pol\u00edtica de Calidad \u00a0 ADAC, organizaci\u00f3n dedicada a la consultor\u00eda aeron\u00e1utica manifiesta abiertamente su intenci\u00f3n deofrecer unos servicios competitivos a [&hellip;]<\/p>\n","protected":false},"author":1,"featured_media":0,"parent":0,"menu_order":0,"comment_status":"closed","ping_status":"closed","template":"elementor_canvas","meta":{"site-sidebar-layout":"no-sidebar","site-content-layout":"","ast-site-content-layout":"full-width-container","site-content-style":"default","site-sidebar-style":"default","ast-global-header-display":"","ast-banner-title-visibility":"","ast-main-header-display":"","ast-hfb-above-header-display":"","ast-hfb-below-header-display":"","ast-hfb-mobile-header-display":"","site-post-title":"disabled","ast-breadcrumbs-content":"","ast-featured-img":"disabled","footer-sml-layout":"","ast-disable-related-posts":"","theme-transparent-header-meta":"","adv-header-id-meta":"","stick-header-meta":"","header-above-stick-meta":"","header-main-stick-meta":"","header-below-stick-meta":"","astra-migrate-meta-layouts":"default","ast-page-background-enabled":"default","ast-page-background-meta":{"desktop":{"background-color":"var(--ast-global-color-5)","background-image":"","background-repeat":"repeat","background-position":"center center","background-size":"auto","background-attachment":"scroll","background-type":"","background-media":"","overlay-type":"","overlay-color":"","overlay-opacity":"","overlay-gradient":""},"tablet":{"background-color":"","background-image":"","background-repeat":"repeat","background-position":"center center","background-size":"auto","background-attachment":"scroll","background-type":"","background-media":"","overlay-type":"","overlay-color":"","overlay-opacity":"","overlay-gradient":""},"mobile":{"background-color":"","background-image":"","background-repeat":"repeat","background-position":"center center","background-size":"auto","background-attachment":"scroll","background-type":"","background-media":"","overlay-type":"","overlay-color":"","overlay-opacity":"","overlay-gradient":""}},"ast-content-background-meta":{"desktop":{"background-color":"var(--ast-global-color-4)","background-image":"","background-repeat":"repeat","background-position":"center center","background-size":"auto","background-attachment":"scroll","background-type":"","background-media":"","overlay-type":"","overlay-color":"","overlay-opacity":"","overlay-gradient":""},"tablet":{"background-color":"var(--ast-global-color-4)","background-image":"","background-repeat":"repeat","background-position":"center center","background-size":"auto","background-attachment":"scroll","background-type":"","background-media":"","overlay-type":"","overlay-color":"","overlay-opacity":"","overlay-gradient":""},"mobile":{"background-color":"var(--ast-global-color-4)","background-image":"","background-repeat":"repeat","background-position":"center center","background-size":"auto","background-attachment":"scroll","background-type":"","background-media":"","overlay-type":"","overlay-color":"","overlay-opacity":"","overlay-gradient":""}},"footnotes":""},"class_list":["post-206","page","type-page","status-publish","hentry"],"_links":{"self":[{"href":"https:\/\/consulting-adac.com\/es\/wp-json\/wp\/v2\/pages\/206","targetHints":{"allow":["GET"]}}],"collection":[{"href":"https:\/\/consulting-adac.com\/es\/wp-json\/wp\/v2\/pages"}],"about":[{"href":"https:\/\/consulting-adac.com\/es\/wp-json\/wp\/v2\/types\/page"}],"author":[{"embeddable":true,"href":"https:\/\/consulting-adac.com\/es\/wp-json\/wp\/v2\/users\/1"}],"replies":[{"embeddable":true,"href":"https:\/\/consulting-adac.com\/es\/wp-json\/wp\/v2\/comments?post=206"}],"version-history":[{"count":7,"href":"https:\/\/consulting-adac.com\/es\/wp-json\/wp\/v2\/pages\/206\/revisions"}],"predecessor-version":[{"id":214,"href":"https:\/\/consulting-adac.com\/es\/wp-json\/wp\/v2\/pages\/206\/revisions\/214"}],"wp:attachment":[{"href":"https:\/\/consulting-adac.com\/es\/wp-json\/wp\/v2\/media?parent=206"}],"curies":[{"name":"wp","href":"https:\/\/api.w.org\/{rel}","templated":true}]}}