{"id":387,"date":"2025-03-16T22:25:01","date_gmt":"2025-03-16T21:25:01","guid":{"rendered":"https:\/\/consulting-adac.com\/?page_id=387"},"modified":"2025-03-20T20:19:07","modified_gmt":"2025-03-20T19:19:07","slug":"politica-de-cookies","status":"publish","type":"page","link":"https:\/\/consulting-adac.com\/es\/politica-de-cookies\/","title":{"rendered":"Pol\u00edtica de Cookies"},"content":{"rendered":"\t\t<div data-elementor-type=\"wp-page\" data-elementor-id=\"387\" class=\"elementor elementor-387\" data-elementor-post-type=\"page\">\n\t\t\t\t<div class=\"elementor-element elementor-element-9972afd e-flex e-con-boxed e-con e-parent\" data-id=\"9972afd\" data-element_type=\"container\">\n\t\t\t\t\t<div class=\"e-con-inner\">\n\t\t\t\t<div class=\"elementor-element elementor-element-f10cd25 elementor-widget elementor-widget-text-editor\" data-id=\"f10cd25\" data-element_type=\"widget\" data-widget_type=\"text-editor.default\">\n\t\t\t\t<div class=\"elementor-widget-container\">\n\t\t\t\t\t\t\t\t\t<p data-start=\"194\" data-end=\"217\"><strong data-start=\"194\" data-end=\"217\">Pol\u00edtica de Cookies<\/strong><\/p><p>Cookies<br \/>Si dejas tus datos en nuestro sitio puedes elegir guardar tu nombre, direcci\u00f3n de correo electr\u00f3nico y web en<br \/>cookies. Esto es para tu comodidad, para que no tengas que volver a rellenar tus datos cuando dejes otro comentario. Estas<br \/>cookies tendr\u00e1n una duraci\u00f3n de un a\u00f1o.<br \/>Si tienes una cuenta y te conectas a este sitio, instalaremos una cookie temporal para determinar si tu navegador acepta cookies.<br \/>Esta cookie no contiene datos personales y se elimina al cerrar el navegador.<br \/>Cuando accedas, tambi\u00e9n instalaremos varias cookies para guardar tu informaci\u00f3n de acceso y tus opciones de visualizaci\u00f3n de<br \/>pantalla. Las cookies de acceso duran dos d\u00edas, y las cookies de opciones de pantalla duran un a\u00f1o. Si seleccionas \u00abRecu\u00e9rdarme\u00bb,<br \/>tu acceso perdurar\u00e1 durante dos semanas. Si sales de tu cuenta, las cookies de acceso se eliminar\u00e1n.<br \/>Si editas o publicas un art\u00edculo se guardar\u00e1 una cookie adicional en tu navegador. Esta cookie no incluye datos personales y<br \/>simplemente indica el ID del art\u00edculo que acabas de editar. Caduca despu\u00e9s de 1 d\u00eda.<\/p><p>Contenido incrustado de otros sitios web<br \/>Los art\u00edculos de este sitio pueden incluir contenido incrustado (por ejemplo, v\u00eddeos, im\u00e1genes, art\u00edculos, etc.). El contenido<br \/>incrustado de otras webs se comporta exactamente de la misma manera que si el visitante hubiera visitado la otra web.<br \/>Estas webs pueden recopilar datos sobre ti, utilizar cookies, incrustar un seguimiento adicional de terceros, y supervisar tu<br \/>interacci\u00f3n con ese contenido incrustado, incluido el seguimiento de tu interacci\u00f3n con el contenido incrustado si tienes una<br \/>cuenta y est\u00e1s conectado a esa web.<\/p><p>Con qui\u00e9n compartimos tus datos<br \/>Si solicitas un restablecimiento de contrase\u00f1a, tu direcci\u00f3n IP ser\u00e1 incluida en el correo electr\u00f3nico de restablecimiento.<\/p><p>Qu\u00e9 derechos tienes sobre tus datos<\/p><p>Puedes solicitar recibir un archivo de exportaci\u00f3n de los datos personales que<br \/>tenemos sobre ti, incluyendo cualquier dato que nos hayas proporcionado. Tambi\u00e9n puedes solicitar que eliminemos cualquier dato<br \/>personal que tengamos sobre ti. Esto no incluye ning\u00fan dato que estemos obligados a conservar con fines administrativos, legales<br \/>o de seguridad.<br \/>D\u00f3nde se env\u00edan tus datos<br \/>Los comentarios de los visitantes puede que los revise un servicio de detecci\u00f3n autom\u00e1tica de spam.<\/p><p>Qu\u00e9 derechos\u00a0 tienes, que significan y como puedes ejercerlos<br \/>Puedes ejercitar los derechos de acceso, rectificaci\u00f3n, supresi\u00f3n, portabilidad, limitaci\u00f3n del tratamiento y oposici\u00f3n mediante<br \/>carta dirigida al domicilio social de la Compa\u00f1\u00eda, calle Prado del Rey 101 c4 (28223) Pozuelo de Alarc\u00f3n o mediante correo<br \/>electr\u00f3nico a e.barrientos @ consulting-adac.com, acompa\u00f1ando si fuera necesario, acreditar tu identificaci\u00f3n, copia de tu<br \/>documento nacional de identidad o documento equivalente.<br \/>Asimismo, te informamos que en caso de no considerar atendidos de forma debida tus derechos personales, podr\u00e1s presenta una<br \/>reclamaci\u00f3n ante \u00a0la autoridad de control competente, en este caso, la Agencia Espa\u00f1ola de protecci\u00f3n de datos (AEPD).<br \/>No obstante, te recomendamos que antes de prestar cualquier reclamaci\u00f3n ante la AEPD contactes con nosotros a fin de \u00a0analizar<br \/>la situaci\u00f3n concreta que corresponda e intentar en si caso, buscar una soluci\u00f3n eficaz y amistosa.<\/p>\t\t\t\t\t\t\t\t<\/div>\n\t\t\t\t<\/div>\n\t\t\t\t\t<\/div>\n\t\t\t\t<\/div>\n\t\t\t\t<\/div>\n\t\t","protected":false},"excerpt":{"rendered":"<p>Pol\u00edtica de Cookies CookiesSi dejas tus datos en nuestro sitio puedes elegir guardar tu nombre, direcci\u00f3n de correo electr\u00f3nico y [&hellip;]<\/p>\n","protected":false},"author":1,"featured_media":0,"parent":0,"menu_order":0,"comment_status":"closed","ping_status":"closed","template":"elementor_canvas","meta":{"site-sidebar-layout":"no-sidebar","site-content-layout":"","ast-site-content-layout":"full-width-container","site-content-style":"default","site-sidebar-style":"default","ast-global-header-display":"","ast-banner-title-visibility":"","ast-main-header-display":"","ast-hfb-above-header-display":"","ast-hfb-below-header-display":"","ast-hfb-mobile-header-display":"","site-post-title":"disabled","ast-breadcrumbs-content":"","ast-featured-img":"disabled","footer-sml-layout":"","ast-disable-related-posts":"","theme-transparent-header-meta":"","adv-header-id-meta":"","stick-header-meta":"","header-above-stick-meta":"","header-main-stick-meta":"","header-below-stick-meta":"","astra-migrate-meta-layouts":"default","ast-page-background-enabled":"default","ast-page-background-meta":{"desktop":{"background-color":"var(--ast-global-color-5)","background-image":"","background-repeat":"repeat","background-position":"center center","background-size":"auto","background-attachment":"scroll","background-type":"","background-media":"","overlay-type":"","overlay-color":"","overlay-opacity":"","overlay-gradient":""},"tablet":{"background-color":"","background-image":"","background-repeat":"repeat","background-position":"center center","background-size":"auto","background-attachment":"scroll","background-type":"","background-media":"","overlay-type":"","overlay-color":"","overlay-opacity":"","overlay-gradient":""},"mobile":{"background-color":"","background-image":"","background-repeat":"repeat","background-position":"center center","background-size":"auto","background-attachment":"scroll","background-type":"","background-media":"","overlay-type":"","overlay-color":"","overlay-opacity":"","overlay-gradient":""}},"ast-content-background-meta":{"desktop":{"background-color":"var(--ast-global-color-4)","background-image":"","background-repeat":"repeat","background-position":"center center","background-size":"auto","background-attachment":"scroll","background-type":"","background-media":"","overlay-type":"","overlay-color":"","overlay-opacity":"","overlay-gradient":""},"tablet":{"background-color":"var(--ast-global-color-4)","background-image":"","background-repeat":"repeat","background-position":"center center","background-size":"auto","background-attachment":"scroll","background-type":"","background-media":"","overlay-type":"","overlay-color":"","overlay-opacity":"","overlay-gradient":""},"mobile":{"background-color":"var(--ast-global-color-4)","background-image":"","background-repeat":"repeat","background-position":"center center","background-size":"auto","background-attachment":"scroll","background-type":"","background-media":"","overlay-type":"","overlay-color":"","overlay-opacity":"","overlay-gradient":""}},"footnotes":""},"class_list":["post-387","page","type-page","status-publish","hentry"],"_links":{"self":[{"href":"https:\/\/consulting-adac.com\/es\/wp-json\/wp\/v2\/pages\/387","targetHints":{"allow":["GET"]}}],"collection":[{"href":"https:\/\/consulting-adac.com\/es\/wp-json\/wp\/v2\/pages"}],"about":[{"href":"https:\/\/consulting-adac.com\/es\/wp-json\/wp\/v2\/types\/page"}],"author":[{"embeddable":true,"href":"https:\/\/consulting-adac.com\/es\/wp-json\/wp\/v2\/users\/1"}],"replies":[{"embeddable":true,"href":"https:\/\/consulting-adac.com\/es\/wp-json\/wp\/v2\/comments?post=387"}],"version-history":[{"count":16,"href":"https:\/\/consulting-adac.com\/es\/wp-json\/wp\/v2\/pages\/387\/revisions"}],"predecessor-version":[{"id":1113,"href":"https:\/\/consulting-adac.com\/es\/wp-json\/wp\/v2\/pages\/387\/revisions\/1113"}],"wp:attachment":[{"href":"https:\/\/consulting-adac.com\/es\/wp-json\/wp\/v2\/media?parent=387"}],"curies":[{"name":"wp","href":"https:\/\/api.w.org\/{rel}","templated":true}]}}